{"id":59,"date":"2021-06-02T21:30:57","date_gmt":"2021-06-03T00:30:57","guid":{"rendered":"https:\/\/euvivoaselecao.com.br\/?page_id=59"},"modified":"2022-07-22T14:09:24","modified_gmt":"2022-07-22T17:09:24","slug":"contato","status":"publish","type":"page","link":"https:\/\/euvivoaselecao.com.br\/index.php\/contato\/","title":{"rendered":"CONTATO"},"content":{"rendered":"<p><strong>Fa\u00e7a contato com a nossa reda\u00e7\u00e3o, sugest\u00f5es de pauta e corre\u00e7\u00f5es de mat\u00e9rias:<\/strong>\u00a0suporte@oimeliga.com.br<\/p>\n<p><strong>Publicidade, posts convidados e patroc\u00ednios:<\/strong> midia@oimeliga.com.br<\/p>\n<p><strong>We can support English and Spanish message too. Touch us now!<\/strong><\/p>\n<p><strong>Fa\u00e7a contato com a nossa reda\u00e7\u00e3o, sugest\u00f5es de pauta e corre\u00e7\u00f5es de mat\u00e9rias (editor):<\/strong> suporte@oimeliga.com.br<\/p>\n<p><strong>Publicidade, posts convidados e patroc\u00ednios (partnership):<\/strong> midia@oimeliga.com.br<\/p>\n<p>Aceitamos Guest Posts, pe\u00e7a sua proposta para nossos sites:<\/p>\n<p><strong>TOP SITES: <a href=\"http:\/\/mrnews.com.br\">MRnews<\/a> <a href=\"https:\/\/carosamigos.com.br\">CAROS AMIGOS<\/a>, <a href=\"https:\/\/opiniaoenoticia.com.br\">OPINI\u00c3O E NOT\u00cdCIA<\/a> <a href=\"http:\/\/jblog.com.br\">JBLOG<\/a><\/strong><\/p>\n<h2><strong><a href=\"https:\/\/opiniaoenoticia.com.br\/guest-post-prices\/\">GUESTPOST PRICES HERE<\/a><\/strong><\/h2>\n<p>NOVOS SITES JULHO\/22<\/p>\n<table width=\"551\">\n<tbody>\n<tr>\n<td width=\"64\">ADDED<\/td>\n<td width=\"335\">sites<\/td>\n<td width=\"79\">DA<\/td>\n<td width=\"73\">EURO<\/td>\n<\/tr>\n<tr>\n<td>jul\/22<\/td>\n<td><a href=\"https:\/\/classimetas.com.br\">classimetas.com.br<\/a><\/td>\n<td>37<\/td>\n<td>100<\/td>\n<\/tr>\n<tr>\n<td>jul\/22<\/td>\n<td><a href=\"https:\/\/euvivoaselecao.com.br\">euvivoaselecao-com-br-889090.hostingersite.com<\/a><\/td>\n<td>35<\/td>\n<td>70<\/td>\n<\/tr>\n<tr>\n<td>jul\/22<\/td>\n<td><a href=\"https:\/\/futebolparameninas.com.br\">futebolparameninas.com.br<\/a><\/td>\n<td>33<\/td>\n<td>70<\/td>\n<\/tr>\n<tr>\n<td>jul\/22<\/td>\n<td><a href=\"https:\/\/idealtv.com.br\">idealtv.com.br<\/a><\/td>\n<td>30<\/td>\n<td>60<\/td>\n<\/tr>\n<\/tbody>\n<\/table>\n<p>SITES NOVOS JUNHO\/22<\/p>\n<table width=\"478\">\n<tbody>\n<tr>\n<td width=\"64\">jun\/22<\/td>\n<td width=\"335\">futeboltour.com.br <a href=\"https:\/\/futeboltour.com.br\">FUTEBOL TOUR<\/a><\/td>\n<td width=\"79\">33<\/td>\n<\/tr>\n<tr>\n<td>jun\/22<\/td>\n<td>ENJOYRIO.COM.BR\u00a0 <a href=\"https:\/\/enjoyrio.com.br\">ENJOY RIO<\/a><\/td>\n<td>32<\/td>\n<\/tr>\n<tr>\n<td>jun\/22<\/td>\n<td>FRENTEDOSTORCEDORES.COM.BR<\/p>\n<p><a href=\"https:\/\/frentedostorcedores.com.br\">FRENTE DOS TORCEDORES<\/a><\/td>\n<td>32<\/td>\n<\/tr>\n<tr>\n<td>jun\/22<\/td>\n<td><a href=\"https:\/\/challengerfinals.com.br\">CHALLENGERFINALS.COM.BR<\/a><\/td>\n<td>30<\/td>\n<\/tr>\n<tr>\n<td>jun\/22<\/td>\n<td>FMRESISTENCIA.COM.BR <a href=\"https:\/\/fmresistencia.com.br\">FM RESISTENCIA<\/a><\/td>\n<td>28<\/td>\n<\/tr>\n<\/tbody>\n<\/table>\n<p>&nbsp;<\/p>\n<p>SITES NOVOS MAIO\/22<\/p>\n<table width=\"333\">\n<tbody>\n<tr>\n<td width=\"230\">maio<\/td>\n<td width=\"103\">da<\/td>\n<\/tr>\n<tr>\n<td><a href=\"https:\/\/ocorreiodopovo.com.br\">O CORREIO DO POVO<\/a><\/td>\n<td>30<\/td>\n<\/tr>\n<tr>\n<td><a href=\"https:\/\/zcarniceria.com.br\">Z CARNICERIA<\/a><\/td>\n<td>36<\/td>\n<\/tr>\n<tr>\n<td><a href=\"https:\/\/radiopioneira.com.br\">Radio Pioneira<\/a><\/td>\n<td>32<\/td>\n<\/tr>\n<tr>\n<td><a href=\"https:\/\/revistashape.com.br\">REVISTA SHAPE<\/a><\/td>\n<td>34<\/td>\n<\/tr>\n<\/tbody>\n<\/table>\n<p>sites novos ABRIL\/22<\/p>\n<table width=\"333\">\n<tbody>\n<tr>\n<td width=\"230\"><\/td>\n<td width=\"103\">da<\/td>\n<\/tr>\n<tr>\n<td><a href=\"https:\/\/buttina.com.br\">buttina.com.br<\/a><\/td>\n<td>45<\/td>\n<\/tr>\n<tr>\n<td><a href=\"https:\/\/oretratodobrasil.com.br\">oretratodobrasil.com.br<\/a><\/td>\n<td>40<\/td>\n<\/tr>\n<tr>\n<td><a href=\"https:\/\/jornalolince.com.br\">jornalolince.com.br<\/a><\/td>\n<td>37<\/td>\n<\/tr>\n<tr>\n<td><a href=\"https:\/\/maranhaodagente.com.br\">maranhaodagente.com.br<\/a><\/td>\n<td>37<\/td>\n<\/tr>\n<tr>\n<td><a href=\"https:\/\/bahiaprime.com.br\">bahiaprime.com.br<\/a><\/td>\n<td>36<\/td>\n<\/tr>\n<tr>\n<td><a href=\"https:\/\/fricco.com.br\">fricco.com.br<\/a><\/td>\n<td>36<\/td>\n<\/tr>\n<tr>\n<td><a href=\"https:\/\/saobernardofc.com.br\">saobernardofc.com.br<\/a><\/td>\n<td>35<\/td>\n<\/tr>\n<tr>\n<td><a href=\"https:\/\/naviosbrasileiros.com.br\">naviosbrasileiros.com.br<\/a><\/td>\n<td>34<\/td>\n<\/tr>\n<tr>\n<td><a href=\"https:\/\/revistapreview.com.br\">revistapreview.com.br<\/a><\/td>\n<td>34<\/td>\n<\/tr>\n<tr>\n<td><a href=\"https:\/\/umaoutravisao.com.br\">umaoutravisao.com.br<\/a><\/td>\n<td>34<\/td>\n<\/tr>\n<tr>\n<td><a href=\"https:\/\/elguialatino.com.br\">elguialatino.com.br<\/a><\/td>\n<td>33<\/td>\n<\/tr>\n<tr>\n<td><a href=\"https:\/\/tvtaroba.com.br\">tvtaroba.com.br<\/a><\/td>\n<td>32<\/td>\n<\/tr>\n<tr>\n<td><a href=\"https:\/\/autodiario.com.br\">autodiario.com.br<\/a><\/td>\n<td>32<\/td>\n<\/tr>\n<tr>\n<td><a href=\"https:\/\/mapric.com.br\">mapric.com.br<\/a><\/td>\n<td>32<\/td>\n<\/tr>\n<tr>\n<td><a href=\"https:\/\/digitalage20.com.br\">digitalage20.com.br<\/a><\/td>\n<td>32<\/td>\n<\/tr>\n<tr>\n<td><a href=\"https:\/\/BOBFLASH.COM.BR\">BOBFLASH.COM.BR<\/a><\/td>\n<td>31<\/td>\n<\/tr>\n<tr>\n<td><a href=\"https:\/\/cgnoticias.com.br\">cgnoticias.com.br<\/a><\/td>\n<td>31<\/td>\n<\/tr>\n<tr>\n<td><a href=\"https:\/\/vgnews.com.br\">vgnews.com.br<\/a><\/td>\n<td>31<\/td>\n<\/tr>\n<tr>\n<td><a href=\"https:\/\/qprocura.com.br\">qprocura.com.br<\/a><\/td>\n<td>31<\/td>\n<\/tr>\n<tr>\n<td><a href=\"https:\/\/ocidadaorj.com.br\">ocidadaorj.com.br<\/a><\/td>\n<td>31<\/td>\n<\/tr>\n<tr>\n<td><a href=\"https:\/\/futeboleuropeu.com.br\">futeboleuropeu.com.br<\/a><\/td>\n<td>30<\/td>\n<\/tr>\n<tr>\n<td><a href=\"https:\/\/jornalalef.com.br\">jornalalef.com.br<\/a><\/td>\n<td>30<\/td>\n<\/tr>\n<tr>\n<td><a href=\"https:\/\/revistaasas.com.br\">revistaasas.com.br<\/a><\/td>\n<td>30<\/td>\n<\/tr>\n<tr>\n<td><a href=\"https:\/\/vickys.com.br\">vickys.com.br<\/a><\/td>\n<td>30<\/td>\n<\/tr>\n<tr>\n<td><a href=\"https:\/\/mobint.com.br\">mobint.com.br<\/a><\/td>\n<td>30<\/td>\n<\/tr>\n<\/tbody>\n<\/table>\n<p>SITES DE FEVEREIRO E MAR\u00c7O<\/p>\n<table width=\"478\">\n<tbody>\n<tr>\n<td width=\"64\">mar\/22<\/td>\n<td style=\"text-align: left;\" width=\"335\"><a href=\"https:\/\/ejornais.com.br\">EJORNAIS.COM.BR<\/a><\/td>\n<td width=\"79\">42<\/td>\n<\/tr>\n<tr>\n<td>mar\/22<\/td>\n<td><a href=\"https:\/\/delubio.com.br\">DELUBIO.COM.BR<\/a><\/td>\n<td>36<\/td>\n<\/tr>\n<tr>\n<td>fev\/22<\/td>\n<td><a href=\"https:\/\/zero83.com.br\">zero83.com.br<\/a><\/td>\n<td>33<\/td>\n<\/tr>\n<tr>\n<td>fev\/22<\/td>\n<td><a href=\"https:\/\/cinemascopio.com.br\">cinemascopio.com.br<\/a><\/td>\n<td>31<\/td>\n<\/tr>\n<tr>\n<td>mar\/22<\/td>\n<td><a href=\"https:\/\/ceveh.com.br\">ceveh.com.br<\/a><\/td>\n<td>31<\/td>\n<\/tr>\n<tr>\n<td>fev\/22<\/td>\n<td><a href=\"https:\/\/corinthiansfutebol.com.br\">corinthiansfutebol.com.br<\/a><\/td>\n<td>30<\/td>\n<\/tr>\n<tr>\n<td>mar\/22<\/td>\n<td><a href=\"https:\/\/fazeraqui.com.br\">FAZERAQUI.COM.BR<\/a><\/td>\n<td>30<\/td>\n<\/tr>\n<tr>\n<td>fev\/22<\/td>\n<td><a href=\"https:\/\/timesdelbrasil.com.br\">timesdelbrasil.com.br<\/a><\/td>\n<td>29<\/td>\n<\/tr>\n<tr>\n<td>fev\/22<\/td>\n<td><a href=\"https:\/\/folhaojornal.com.br\">folhaojornal.com.br<\/a><\/td>\n<td>29<\/td>\n<\/tr>\n<tr>\n<td>mar\/22<\/td>\n<td><a href=\"https:\/\/enfimblog.com.br\">ENFIMBLOG.COM.BR<\/a><\/td>\n<td>29<\/td>\n<\/tr>\n<tr>\n<td>fev\/22<\/td>\n<td><a href=\"https:\/\/GazeTadeItauna.com.br\">GazeTadeItauna.com.br<\/a><\/td>\n<td>29<\/td>\n<\/tr>\n<tr>\n<td>mar\/22<\/td>\n<td><a href=\"https:\/\/odiariodebarretos.com.br\">odiariodebarretos.com.br<\/a><\/td>\n<td>28<\/td>\n<\/tr>\n<\/tbody>\n<\/table>\n<p>NOVOS SITES 19\/01 <a href=\"https:\/\/fbrn.com.br\">FBRN.COM.BR<\/a>\u00a0 \u00a0<a href=\"https:\/\/ipatingafc.com.br\">IPATINGAFC.COM.BR<\/a> <a href=\"https:\/\/jbcultura.com.br\">JBCULTURA.COM.BR<\/a> <a href=\"https:\/\/jornalenoticias.com.br\">JORNALENOTICIAS.COM.BR<\/a> <a href=\"https:\/\/novasdodia.com.br\">NOVASDODIA.COM.BR<\/a> <a href=\"https:\/\/prokura.com.br\">PROKURA.COM.BR<\/a> <a href=\"https:\/\/tvtribunape.com.br\">TVTRIBUNAPE.COM.BR<\/a> <a href=\"https:\/\/uncme.com.br\">UNCME.COM.BR<\/a><\/p>\n<p>NOVOS SITES 19\/12 <a href=\"https:\/\/revistaon.com.br\">REVISTA ON<\/a>, <a href=\"https:\/\/revistaetcetera.com.br\">REVISTA ETCETERA<\/a>, <a href=\"https:\/\/basketbrasil.com.br\">BASKET BRASIL<\/a>, <a href=\"https:\/\/newslog.com.br\">NEWSLOG<\/a> E <a href=\"https:\/\/seriesnews.com.br\">SERIES NEWS<\/a><\/p>\n<p>NOVOS SITES 19\/11\u00a0<strong><a href=\"https:\/\/supremas.com.br\">supremas.com.br<\/a>\u00a0 \u00a0<a href=\"https:\/\/jornaldelimeira.com.br\">jornaldelimeira.com.br\u00a0<\/a> <a href=\"https:\/\/revistavigor.com.br\">revistavigor.com.br<\/a><\/strong> <a href=\"https:\/\/opiniaoenoticia.com.br\"><strong>opiniaoenoticia.com.br<\/strong><\/a> (da 65)<\/p>\n<p>NOVOS SITES 03\/10: <a href=\"https:\/\/portalolm.com.br\"><strong>PORTAL OLM<\/strong><\/a> E <a href=\"https:\/\/correiodealagoas.com.br\"><strong>CORREIO DE ALAGOAS<\/strong><\/a><\/p>\n<p>NOVOS SITES 03\/09: <a href=\"https:\/\/stmt.com.br\">STMT<\/a>, <a href=\"https:\/\/carosamigos.com.br\">CAROS AMIGOS<\/a> , <a href=\"https:\/\/maranhaounico.com.br\">MARANHAO UNICO<\/a>, <a href=\"https:\/\/falandodeflamengo.com.br\">FALANDO DE FLAMENGO<\/a><\/p>\n<p><strong>novos sites 21\/07\/2021: <a href=\"https:\/\/donasdabola.com.br\">donasdabola.com.br<\/a> e <a href=\"https:\/\/gazetadesergipe.com.br\">gazetadesergipe.com.br<\/a> <a href=\"https:\/\/euvivoaselecao.com.br\">bolarolando.com.br<\/a><\/strong><\/p>\n<p>NOVOS SITES 21\/06: SITE DO <a href=\"https:\/\/crbalagoas.com.br\"><strong>CRB<\/strong><\/a>\u00a0 <a href=\"https:\/\/cruzeiroec.com.br\"><strong>CRUZEIRO<\/strong><\/a>\u00a0 <a href=\"https:\/\/fortalezasempre.com.br\"><strong>FORTALEZA<\/strong><\/a>\u00a0<strong><a href=\"https:\/\/maranhaohoje.com.br\">MARANH\u00c3O HOJE<\/a> <a href=\"https:\/\/SERIED.COM.BR\">S\u00c9RIE D<\/a><\/strong><\/p>\n<p>Novos sites 21\/05: <a href=\"https:\/\/jovemparceiro.com.br\/\"><strong>jovemparceiro.com.br<\/strong>\u00a0<\/a>e\u00a0<a href=\"https:\/\/ovascoemeu.com.br\/\"><strong>OVascoEMeu.com.br<\/strong><\/a><\/p>\n<p>Segue o nosso portf\u00f3lio para negocia\u00e7\u00e3o de Guest Posts. Nossos pre\u00e7os s\u00e3o baseados no DA (Domain Authority de cada dom\u00ednio). Confira a seguir e pe\u00e7a sua proposta indicando os sites de interesse pelo pelo e-mail <a href=\"mailto:midia@oimeliga.com.br\">midia@oimeliga.com.br<\/a><\/p>\n<p>&nbsp;<\/p>\n<p>Sigue nuestro portafolio para negociaci\u00f3n de Guest Posts. Nuestros precios est\u00e1n basados \u200b\u200ben DA (Autoridad de Dominio). Consulte a continuaci\u00f3n y solicite su propuesta indicando los sitios de inter\u00e9s por correo electr\u00f3nico <a href=\"mailto:midia@oimeliga.com.br\">midia@oimeliga.com.br<\/a><\/p>\n<p>&nbsp;<\/p>\n<p>Follow our portfolio for negotiation of Guest Posts. Our prices are based on DA (Domain Authority of each domain). Check below and ask for your proposal indicating the sites of interest by email <a href=\"mailto:midia@oimeliga.com.br\">midia@oimeliga.com.br<\/a><\/p>\n<p>&nbsp;<\/p>\n<table width=\"478\">\n<tbody>\n<tr>\n<td width=\"64\">ADDED<\/td>\n<td width=\"335\">sites<\/td>\n<td width=\"79\">DA<\/td>\n<\/tr>\n<tr>\n<td>nov\/21<\/td>\n<td><a href=\"https:\/\/opiniaoenoticia.com.br\">opiniaoenoticia.com.br<\/a><\/td>\n<td>63<\/td>\n<\/tr>\n<tr>\n<td>jul\/21<\/td>\n<td><a href=\"https:\/\/carosamigos.com.br\">carosamigos.com.br<\/a><\/td>\n<td>55<\/td>\n<\/tr>\n<tr>\n<td>mai\/21<\/td>\n<td><a href=\"https:\/\/JBLOG.COM.BR\">JBLOG.COM.BR<\/a><\/td>\n<td>52<\/td>\n<\/tr>\n<tr>\n<td>mar\/22<\/td>\n<td><a href=\"https:\/\/EJORNAIS.COM.BR\">EJORNAIS.COM.BR<\/a><\/td>\n<td>42<\/td>\n<\/tr>\n<tr>\n<td>nov\/21<\/td>\n<td><a href=\"https:\/\/revistavigor.com.br\">revistavigor.com.br<\/a><\/td>\n<td>40<\/td>\n<\/tr>\n<tr>\n<td>jan\/20<\/td>\n<td><a href=\"https:\/\/Universofnac.com.br\">Universofnac.com.br<\/a><\/td>\n<td>39<\/td>\n<\/tr>\n<tr>\n<td>jan\/20<\/td>\n<td><a href=\"https:\/\/JOVEMPARCEIRO.COM.BR\">JOVEMPARCEIRO.COM.BR<\/a><\/td>\n<td>38<\/td>\n<\/tr>\n<tr>\n<td>jul\/21<\/td>\n<td><a href=\"https:\/\/Falandodeflamengo.com.br\">Falandodeflamengo.com.br<\/a><\/td>\n<td>37<\/td>\n<\/tr>\n<tr>\n<td>jan\/18<\/td>\n<td><a href=\"https:\/\/MRNEWS.COM.BR\">MRNEWS.COM.BR<\/a><\/td>\n<td>37<\/td>\n<\/tr>\n<tr>\n<td>abr\/21<\/td>\n<td><a href=\"https:\/\/FBRN.COM.BR\">FBRN.COM.BR<\/a><\/td>\n<td>36<\/td>\n<\/tr>\n<tr>\n<td>dez\/21<\/td>\n<td><a href=\"https:\/\/brazilsoccer.com.br\">brazilsoccer.com.br<\/a><\/td>\n<td>36<\/td>\n<\/tr>\n<tr>\n<td>mar\/22<\/td>\n<td><a href=\"https:\/\/DELUBIO.COM.BR\">DELUBIO.COM.BR<\/a><\/td>\n<td>36<\/td>\n<\/tr>\n<tr>\n<td>jan\/19<\/td>\n<td><a href=\"https:\/\/donasdabola.com.br\">donasdabola.com.br<\/a><\/td>\n<td>35<\/td>\n<\/tr>\n<tr>\n<td>nov\/21<\/td>\n<td><a href=\"https:\/\/basketbrasil.com.br\">basketbrasil.com.br<\/a><\/td>\n<td>35<\/td>\n<\/tr>\n<tr>\n<td>mar\/21<\/td>\n<td><a href=\"https:\/\/supremas.com.br\">supremas.com.br<\/a><\/td>\n<td>35<\/td>\n<\/tr>\n<tr>\n<td>jan\/19<\/td>\n<td><a href=\"https:\/\/jornaldelimeira.com.br\">jornaldelimeira.com.br<\/a><\/td>\n<td>35<\/td>\n<\/tr>\n<tr>\n<td>jan\/19<\/td>\n<td><a href=\"https:\/\/ESPORTSPROBR.COM.BR\">ESPORTSPROBR.COM.BR<\/a><\/td>\n<td>35<\/td>\n<\/tr>\n<tr>\n<td>set\/21<\/td>\n<td><a href=\"https:\/\/OIMPARCIALBLOG.COM.BR\">OIMPARCIALBLOG.COM.BR<\/a><\/td>\n<td>35<\/td>\n<\/tr>\n<tr>\n<td>nov\/21<\/td>\n<td><a href=\"https:\/\/newslog.com.br\">newslog.com.br<\/a><\/td>\n<td>34<\/td>\n<\/tr>\n<tr>\n<td>mai\/21<\/td>\n<td><a href=\"https:\/\/stmt.com.br\">stmt.com.br<\/a><\/td>\n<td>34<\/td>\n<\/tr>\n<tr>\n<td>dez\/21<\/td>\n<td><a href=\"https:\/\/maranhaohoje.com.br\">maranhaohoje.com.br<\/a><\/td>\n<td>34<\/td>\n<\/tr>\n<tr>\n<td>out\/21<\/td>\n<td><a href=\"https:\/\/PROKURA.COM.BR\">PROKURA.COM.BR<\/a><\/td>\n<td>34<\/td>\n<\/tr>\n<tr>\n<td>jul\/21<\/td>\n<td><a href=\"https:\/\/UNCME.COM.BR\">UNCME.COM.BR<\/a><\/td>\n<td>34<\/td>\n<\/tr>\n<tr>\n<td>jan\/21<\/td>\n<td><a href=\"https:\/\/maranhaounico.com.br\">maranhaounico.com.br<\/a><\/td>\n<td>34<\/td>\n<\/tr>\n<tr>\n<td>dez\/21<\/td>\n<td><a href=\"https:\/\/SERIESNEWS.COM.BR\">SERIESNEWS.COM.BR<\/a><\/td>\n<td>34<\/td>\n<\/tr>\n<tr>\n<td>jan\/16<\/td>\n<td><a href=\"https:\/\/TVTRIBUNAPE.COM.BR\">TVTRIBUNAPE.COM.BR<\/a><\/td>\n<td>34<\/td>\n<\/tr>\n<tr>\n<td>mai\/21<\/td>\n<td><a href=\"https:\/\/REVISTAETCETERA.COM.BR\">REVISTAETCETERA.COM.BR<\/a><\/td>\n<td>33<\/td>\n<\/tr>\n<tr>\n<td>jan\/21<\/td>\n<td><a href=\"https:\/\/revistaon.com.br\">revistaon.com.br<\/a><\/td>\n<td>33<\/td>\n<\/tr>\n<tr>\n<td>jan\/21<\/td>\n<td><a href=\"https:\/\/PREFEITURASOROCABA.COM.BR\">PREFEITURASOROCABA.COM.BR<\/a><\/td>\n<td>33<\/td>\n<\/tr>\n<tr>\n<td>ago\/21<\/td>\n<td><a href=\"https:\/\/radarsul.com.br\">radarsul.com.br<\/a><\/td>\n<td>33<\/td>\n<\/tr>\n<tr>\n<td>out\/21<\/td>\n<td><a href=\"https:\/\/PORTALOLM.COM.BR\">PORTALOLM.COM.BR<\/a><\/td>\n<td>33<\/td>\n<\/tr>\n<tr>\n<td>fev\/22<\/td>\n<td><a href=\"https:\/\/zero83.com.br\">zero83.com.br<\/a><\/td>\n<td>33<\/td>\n<\/tr>\n<tr>\n<td>fev\/21<\/td>\n<td><a href=\"https:\/\/maisalma.com\">maisalma.com<\/a><\/td>\n<td>32<\/td>\n<\/tr>\n<tr>\n<td>dez\/21<\/td>\n<td><a href=\"https:\/\/gazetadesergipe.com.br\">gazetadesergipe.com.br<\/a><\/td>\n<td>32<\/td>\n<\/tr>\n<tr>\n<td>jul\/21<\/td>\n<td><a href=\"https:\/\/correiodealagoas.com.br\">correiodealagoas.com.br<\/a><\/td>\n<td>32<\/td>\n<\/tr>\n<tr>\n<td>jun\/21<\/td>\n<td><a href=\"https:\/\/Ovascoemeu.com.br\">Ovascoemeu.com.br<\/a><\/td>\n<td>32<\/td>\n<\/tr>\n<tr>\n<td>fez\/22<\/td>\n<td><a href=\"https:\/\/radioeldoradoam.com.br\">radioeldoradoam.com.br<\/a><\/td>\n<td>32<\/td>\n<\/tr>\n<tr>\n<td>jan\/20<\/td>\n<td><a href=\"https:\/\/crbalagoas.com.br\">crbalagoas.com.br<\/a><\/td>\n<td>31<\/td>\n<\/tr>\n<tr>\n<td>fev\/21<\/td>\n<td><a href=\"https:\/\/IPATINGAFC.COM.BR\">IPATINGAFC.COM.BR<\/a><\/td>\n<td>31<\/td>\n<\/tr>\n<tr>\n<td>jan\/21<\/td>\n<td><a href=\"https:\/\/JORNALENOTICIAS.COM.BR\">JORNALENOTICIAS.COM.BR<\/a><\/td>\n<td>31<\/td>\n<\/tr>\n<tr>\n<td>out\/20<\/td>\n<td><a href=\"https:\/\/euvivoaselecao.com.br\">bolarolando.com.br<\/a><\/td>\n<td>31<\/td>\n<\/tr>\n<tr>\n<td>fev\/21<\/td>\n<td><a href=\"https:\/\/flunews.com.br\">flunews.com.br<\/a><\/td>\n<td>31<\/td>\n<\/tr>\n<tr>\n<td>fez\/22<\/td>\n<td><a href=\"https:\/\/museudabicicleta.com.br\">museudabicicleta.com.br<\/a><\/td>\n<td>31<\/td>\n<\/tr>\n<tr>\n<td>abr\/21<\/td>\n<td><a href=\"https:\/\/NOVASDODIA.COM.BR\">NOVASDODIA.COM.BR<\/a><\/td>\n<td>31<\/td>\n<\/tr>\n<tr>\n<td>jan\/20<\/td>\n<td><a href=\"https:\/\/JBCULTURA.COM.BR\">JBCULTURA.COM.BR<\/a><\/td>\n<td>31<\/td>\n<\/tr>\n<tr>\n<td>fev\/22<\/td>\n<td><a href=\"https:\/\/cinemascopio.com.br\">cinemascopio.com.br<\/a><\/td>\n<td>31<\/td>\n<\/tr>\n<tr>\n<td>abr\/22<\/td>\n<td><a href=\"https:\/\/poashow.com.br\">poashow.com.br<\/a><\/td>\n<td>30<\/td>\n<\/tr>\n<tr>\n<td>fev\/22<\/td>\n<td><a href=\"https:\/\/corinthiansfutebol.com.br\">corinthiansfutebol.com.br<\/a><\/td>\n<td>30<\/td>\n<\/tr>\n<tr>\n<td>mar\/22<\/td>\n<td><a href=\"https:\/\/FAZERAQUI.COM.BR\">FAZERAQUI.COM.BR<\/a><\/td>\n<td>30<\/td>\n<\/tr>\n<tr>\n<td>mai\/21<\/td>\n<td><a href=\"https:\/\/francanet.com.br\">francanet.com.br<\/a><\/td>\n<td>29<\/td>\n<\/tr>\n<tr>\n<td>jan\/21<\/td>\n<td><a href=\"https:\/\/temfutebol.com.br\">temfutebol.com.br<\/a><\/td>\n<td>29<\/td>\n<\/tr>\n<tr>\n<td>jul\/21<\/td>\n<td><a href=\"https:\/\/oimeliga.com.br\">oimeliga.com.br<\/a><\/td>\n<td>29<\/td>\n<\/tr>\n<tr>\n<td>jan\/21<\/td>\n<td><a href=\"https:\/\/CENTROSPORTIVOALAGOANO.COM.BR\">CENTROSPORTIVOALAGOANO.COM.BR<\/a><\/td>\n<td>30<\/td>\n<\/tr>\n<tr>\n<td>fev\/22<\/td>\n<td><a href=\"https:\/\/timesdelbrasil.com.br\">timesdelbrasil.com.br<\/a><\/td>\n<td>29<\/td>\n<\/tr>\n<tr>\n<td>fev\/22<\/td>\n<td><a href=\"https:\/\/folhaojornal.com.br\">folhaojornal.com.br<\/a><\/td>\n<td>29<\/td>\n<\/tr>\n<tr>\n<td>mar\/22<\/td>\n<td><a href=\"https:\/\/ceveh.com.br\">ceveh.com.br<\/a><\/td>\n<td>31<\/td>\n<\/tr>\n<tr>\n<td>mar\/22<\/td>\n<td><a href=\"https:\/\/ENFIMBLOG.COM.BR\">ENFIMBLOG.COM.BR<\/a><\/td>\n<td>29<\/td>\n<\/tr>\n<tr>\n<td>jan\/19<\/td>\n<td><a href=\"https:\/\/Flanet.com.br\">Flanet.com.br<\/a><\/td>\n<td>28<\/td>\n<\/tr>\n<tr>\n<td>fev\/22<\/td>\n<td><a href=\"https:\/\/GazeTadeItauna.com.br\">GazeTadeItauna.com.br<\/a><\/td>\n<td>28<\/td>\n<\/tr>\n<tr>\n<td>out\/20<\/td>\n<td><a href=\"https:\/\/dfsports.com.br\">dfsports.com.br<\/a><\/td>\n<td>28<\/td>\n<\/tr>\n<tr>\n<td>mar\/22<\/td>\n<td><a href=\"https:\/\/odiariodebarretos.com.br\">odiariodebarretos.com.br<\/a><\/td>\n<td>28<\/td>\n<\/tr>\n<tr>\n<td>jan\/19<\/td>\n<td><a href=\"https:\/\/portaldesaojorge.com.br\">portaldesaojorge.com.br<\/a><\/td>\n<td>27<\/td>\n<\/tr>\n<tr>\n<td>fev\/21<\/td>\n<td><a href=\"https:\/\/vasconet.com.br\">vasconet.com.br<\/a><\/td>\n<td>27<\/td>\n<\/tr>\n<tr>\n<td>fev\/21<\/td>\n<td><a href=\"https:\/\/Seried.com.br\">Seried.com.br<\/a><\/td>\n<td>27<\/td>\n<\/tr>\n<tr>\n<td>out\/20<\/td>\n<td><a href=\"https:\/\/f7news.com.BR\">f7news.com.BR<\/a><\/td>\n<td>27<\/td>\n<\/tr>\n<tr>\n<td>fev\/21<\/td>\n<td><a href=\"https:\/\/fortalezasempre.com.br\">fortalezasempre.com.br<\/a><\/td>\n<td>27<\/td>\n<\/tr>\n<tr>\n<td>dez\/21<\/td>\n<td><a href=\"https:\/\/superinteressantes.com.br\">superinteressantes.com.br<\/a><\/td>\n<td>27<\/td>\n<\/tr>\n<tr>\n<td>fev\/21<\/td>\n<td><\/td>\n<td>27<\/td>\n<\/tr>\n<tr>\n<td>jan\/18<\/td>\n<td><a href=\"https:\/\/manews.com.br\">manews.com.br<\/a><\/td>\n<td>26<\/td>\n<\/tr>\n<tr>\n<td>jan\/21<\/td>\n<td><a href=\"https:\/\/netflamengo.com.br\">netflamengo.com.br<\/a><\/td>\n<td>26<\/td>\n<\/tr>\n<tr>\n<td>jan\/22<\/td>\n<td><a href=\"https:\/\/cruzeiroec.com.br\">cruzeiroec.com.br<\/a><\/td>\n<td>26<\/td>\n<\/tr>\n<tr>\n<td>dez\/20<\/td>\n<td><\/td>\n<td>25<\/td>\n<\/tr>\n<tr>\n<td>jan\/22<\/td>\n<td><a href=\"https:\/\/expresso1898.com.br\">expresso1898.com.br<\/a><\/td>\n<td>25<\/td>\n<\/tr>\n<tr>\n<td>jan\/22<\/td>\n<td><a href=\"https:\/\/d0.com.br\">d0.com.br<\/a><\/td>\n<td>25<\/td>\n<\/tr>\n<tr>\n<td>jan\/21<\/td>\n<td><a href=\"https:\/\/mybb.com.br\">mybb.com.br<\/a><\/td>\n<td>24<\/td>\n<\/tr>\n<tr>\n<td>jan\/22<\/td>\n<td><a href=\"https:\/\/BLOGFUTEBOLCLUBE.COM.BR\">BLOGFUTEBOLCLUBE.COM.BR<\/a><\/td>\n<td>24<\/td>\n<\/tr>\n<tr>\n<td>jan\/22<\/td>\n<td><a href=\"https:\/\/bet11.me\">bet11.me<\/a><\/td>\n<td>23<\/td>\n<\/tr>\n<tr>\n<td>jan\/22<\/td>\n<td><a href=\"https:\/\/1hnews.com\">1hnews.com<\/a><\/td>\n<td>22<\/td>\n<\/tr>\n<tr>\n<td>jan\/22<\/td>\n<td><a href=\"https:\/\/f7news.com\">f7news.com<\/a><\/td>\n<td>22<\/td>\n<\/tr>\n<tr>\n<td>jan\/22<\/td>\n<td><a href=\"https:\/\/DEDETIZACAODEBARATA.COM.BR\">DEDETIZACAODEBARATA.COM.BR<\/a><\/td>\n<td>20<\/td>\n<\/tr>\n<\/tbody>\n<\/table>\n<p>&nbsp;<\/p>\n<p>&nbsp;<\/p>\n","protected":false},"excerpt":{"rendered":"<p>Fa\u00e7a contato com a nossa reda\u00e7\u00e3o, sugest\u00f5es de pauta e corre\u00e7\u00f5es de mat\u00e9rias:\u00a0suporte@oimeliga.com.br Publicidade, posts convidados e patroc\u00ednios: midia@oimeliga.com.br We<\/p>\n","protected":false},"author":1,"featured_media":0,"parent":0,"menu_order":0,"comment_status":"closed","ping_status":"closed","template":"","meta":{"colormag_page_container_layout":"default_layout","colormag_page_sidebar_layout":"default_layout","footnotes":""},"class_list":["post-59","page","type-page","status-publish","hentry"],"_hostinger_reach_plugin_has_subscription_block":false,"_hostinger_reach_plugin_is_elementor":false,"_links":{"self":[{"href":"https:\/\/euvivoaselecao.com.br\/index.php\/wp-json\/wp\/v2\/pages\/59","targetHints":{"allow":["GET"]}}],"collection":[{"href":"https:\/\/euvivoaselecao.com.br\/index.php\/wp-json\/wp\/v2\/pages"}],"about":[{"href":"https:\/\/euvivoaselecao.com.br\/index.php\/wp-json\/wp\/v2\/types\/page"}],"author":[{"embeddable":true,"href":"https:\/\/euvivoaselecao.com.br\/index.php\/wp-json\/wp\/v2\/users\/1"}],"replies":[{"embeddable":true,"href":"https:\/\/euvivoaselecao.com.br\/index.php\/wp-json\/wp\/v2\/comments?post=59"}],"version-history":[{"count":13,"href":"https:\/\/euvivoaselecao.com.br\/index.php\/wp-json\/wp\/v2\/pages\/59\/revisions"}],"predecessor-version":[{"id":22085,"href":"https:\/\/euvivoaselecao.com.br\/index.php\/wp-json\/wp\/v2\/pages\/59\/revisions\/22085"}],"wp:attachment":[{"href":"https:\/\/euvivoaselecao.com.br\/index.php\/wp-json\/wp\/v2\/media?parent=59"}],"curies":[{"name":"wp","href":"https:\/\/api.w.org\/{rel}","templated":true}]}}